{"id":1069,"date":"2021-10-15T16:57:48","date_gmt":"2021-10-15T14:57:48","guid":{"rendered":"https:\/\/ganzheitlich-leben.org\/index.php\/termine_kinder\/"},"modified":"2023-10-16T10:52:49","modified_gmt":"2023-10-16T08:52:49","slug":"termine_kinder","status":"publish","type":"page","link":"https:\/\/ganzheitlich-leben.org\/index.php\/termine_kinder\/","title":{"rendered":"Termine_Kinder"},"content":{"rendered":"<div data-colibri-id=\"1069-c1\" class=\"style-867 style-local-1069-c1 position-relative\">\n  <!---->\n  <div data-colibri-component=\"section\" data-colibri-id=\"1069-c2\" id=\"custom\" class=\"h-section h-section-global-spacing d-flex align-items-lg-center align-items-md-center align-items-center style-868 style-local-1069-c2 position-relative\">\n    <!---->\n    <!---->\n    <div class=\"h-section-grid-container h-section-boxed-container\">\n      <!---->\n      <div data-colibri-id=\"1069-c3\" class=\"h-row-container gutters-row-lg-2 gutters-row-md-2 gutters-row-0 gutters-row-v-lg-2 gutters-row-v-md-2 gutters-row-v-2 style-967 style-local-1069-c3 position-relative\">\n        <!---->\n        <div class=\"h-row justify-content-lg-center justify-content-md-center justify-content-center align-items-lg-stretch align-items-md-stretch align-items-stretch gutters-col-lg-2 gutters-col-md-2 gutters-col-0 gutters-col-v-lg-2 gutters-col-v-md-2 gutters-col-v-2\">\n          <!---->\n          <div class=\"h-column h-column-container d-flex h-col-lg-auto h-col-md-auto h-col-auto style-969-outer style-local-1069-c4-outer\">\n            <div data-colibri-id=\"1069-c4\" class=\"d-flex h-flex-basis h-column__inner h-px-lg-2 h-px-md-2 h-px-2 v-inner-lg-2 v-inner-md-2 v-inner-2 style-969 style-local-1069-c4 position-relative\">\n              <!---->\n              <!---->\n              <div class=\"w-100 h-y-container h-column__content h-column__v-align flex-basis-100 align-self-lg-start align-self-md-start align-self-start\">\n                <!---->\n                <div data-colibri-id=\"1069-c5\" class=\"h-divider style-971 style-local-1069-c5 position-relative h-element\">\n                  <!----><span class=\"h-divider__line style-971-line style-local-1069-c5-line style-971-line style-local-1069-c5-line\"><\/span> <span class=\"h-svg-icon h-divider__icon style-971-icon style-local-1069-c5-icon\"><!--Icon by Font Awesome (https:\/\/fontawesome.com)-->\n    <svg version=\"1.1\" xmlns=\"http:\/\/www.w3.org\/2000\/svg\" xmlns:xlink=\"http:\/\/www.w3.org\/1999\/xlink\" id=\"star\" viewBox=\"0 0 1664 1896.0833\">\n      <path d=\"M1664 647q0 22-26 48l-363 354 86 500q1 7 1 20 0 21-10.5 35.5T1321 1619q-19 0-40-12l-449-236-449 236q-22 12-40 12-21 0-31.5-14.5T301 1569q0-6 2-20l86-500L25 695Q0 668 0 647q0-37 56-46l502-73L783 73q19-41 49-41t49 41l225 455 502 73q56 9 56 46z\"><\/path>\n    <\/svg><\/span> <span class=\"h-divider__line style-971-line style-local-1069-c5-line style-971-line style-local-1069-c5-line\"><\/span><\/div>\n              <\/div>\n            <\/div>\n          <\/div>\n        <\/div>\n      <\/div>\n      <div data-colibri-id=\"1069-c6\" class=\"h-row-container gutters-row-lg-2 gutters-row-md-2 gutters-row-0 gutters-row-v-lg-2 gutters-row-v-md-2 gutters-row-v-2 style-992 style-local-1069-c6 position-relative\">\n        <!---->\n        <div class=\"h-row justify-content-lg-center justify-content-md-center justify-content-center align-items-lg-stretch align-items-md-stretch align-items-stretch gutters-col-lg-2 gutters-col-md-2 gutters-col-0 gutters-col-v-lg-2 gutters-col-v-md-2 gutters-col-v-2\">\n          <!---->\n          <div class=\"h-column h-column-container d-flex h-col-lg-auto h-col-md-auto h-col-auto style-993-outer style-local-1069-c7-outer\">\n            <div data-colibri-id=\"1069-c7\" class=\"d-flex h-flex-basis h-column__inner h-px-lg-2 h-px-md-2 h-px-2 v-inner-lg-2 v-inner-md-2 v-inner-2 style-993 style-local-1069-c7 position-relative\">\n              <!---->\n              <!---->\n              <div class=\"w-100 h-y-container h-column__content h-column__v-align flex-basis-100 align-self-lg-start align-self-md-start align-self-start\">\n                <!---->\n                <div data-colibri-id=\"1069-c8\" class=\"h-text h-text-component style-950 style-local-1069-c8 position-relative h-element\">\n                  <!---->\n                  <!---->\n                  <div class=\"\">\n                    <p>\n                      <br>\n                    <\/p>\n                    <p>Seit September 2023:<\/p>\n                    <p>Bogenschie\u00dfen in der Grundschule Kirchhain\n                      <br>und der Gesamtschule Ebsdorfergrund\n                      <br>\n                      <br>zur Gewaltpr\u00e4vention\n                      <br>zur St\u00e4rkung des Selbstvertrauens\n                      <br>zur Verbesserung der K\u00f6rperwahrnehmung\n                      <br>und der Wahrnehmung der eigenen Gef\u00fchle<\/p>\n                    <p>Bei Interesse: ganzheitlichleben@outlook.de\n                      <br>\n                    <\/p>\n                  <\/div>\n                <\/div>\n              <\/div>\n            <\/div>\n          <\/div>\n        <\/div>\n      <\/div>\n      <div data-colibri-id=\"1069-c9\" class=\"h-row-container gutters-row-lg-2 gutters-row-md-2 gutters-row-0 gutters-row-v-lg-2 gutters-row-v-md-2 gutters-row-v-2 style-951 style-local-1069-c9 position-relative\">\n        <!---->\n        <div class=\"h-row justify-content-lg-center justify-content-md-center justify-content-center align-items-lg-stretch align-items-md-stretch align-items-stretch gutters-col-lg-2 gutters-col-md-2 gutters-col-0 gutters-col-v-lg-2 gutters-col-v-md-2 gutters-col-v-2\">\n          <!---->\n          <div class=\"h-column h-column-container d-flex h-col-lg-auto h-col-md-auto h-col-auto style-953-outer style-local-1069-c10-outer\">\n            <div data-colibri-id=\"1069-c10\" class=\"d-flex h-flex-basis h-column__inner h-px-lg-2 h-px-md-2 h-px-2 v-inner-lg-2 v-inner-md-2 v-inner-2 style-953 style-local-1069-c10 position-relative\">\n              <!---->\n              <!---->\n              <div class=\"w-100 h-y-container h-column__content h-column__v-align flex-basis-100 align-self-lg-start align-self-md-start align-self-start\">\n                <!---->\n                <div data-colibri-id=\"1069-c11\" class=\"h-divider style-960 style-local-1069-c11 position-relative h-element\">\n                  <!----><span class=\"h-divider__line style-960-line style-local-1069-c11-line style-960-line style-local-1069-c11-line\"><\/span> <span class=\"h-svg-icon h-divider__icon style-960-icon style-local-1069-c11-icon\"><!--Icon by Font Awesome (https:\/\/fontawesome.com)-->\n    <svg version=\"1.1\" xmlns=\"http:\/\/www.w3.org\/2000\/svg\" xmlns:xlink=\"http:\/\/www.w3.org\/1999\/xlink\" id=\"star\" viewBox=\"0 0 1664 1896.0833\">\n      <path d=\"M1664 647q0 22-26 48l-363 354 86 500q1 7 1 20 0 21-10.5 35.5T1321 1619q-19 0-40-12l-449-236-449 236q-22 12-40 12-21 0-31.5-14.5T301 1569q0-6 2-20l86-500L25 695Q0 668 0 647q0-37 56-46l502-73L783 73q19-41 49-41t49 41l225 455 502 73q56 9 56 46z\"><\/path>\n    <\/svg><\/span> <span class=\"h-divider__line style-960-line style-local-1069-c11-line style-960-line style-local-1069-c11-line\"><\/span><\/div>\n              <\/div>\n            <\/div>\n          <\/div>\n        <\/div>\n      <\/div>\n      <div data-colibri-id=\"1069-c12\" class=\"h-row-container gutters-row-lg-2 gutters-row-md-2 gutters-row-0 gutters-row-v-lg-2 gutters-row-v-md-2 gutters-row-v-2 style-956 style-local-1069-c12 position-relative\">\n        <!---->\n        <div class=\"h-row justify-content-lg-center justify-content-md-center justify-content-center align-items-lg-stretch align-items-md-stretch align-items-stretch gutters-col-lg-2 gutters-col-md-2 gutters-col-0 gutters-col-v-lg-2 gutters-col-v-md-2 gutters-col-v-2\">\n          <!---->\n          <div class=\"h-column h-column-container d-flex h-col-lg-auto h-col-md-auto h-col-auto style-958-outer style-local-1069-c13-outer\">\n            <div data-colibri-id=\"1069-c13\" class=\"d-flex h-flex-basis h-column__inner h-px-lg-2 h-px-md-2 h-px-2 v-inner-lg-2 v-inner-md-2 v-inner-2 style-958 style-local-1069-c13 position-relative\">\n              <!---->\n              <!---->\n              <div class=\"w-100 h-y-container h-column__content h-column__v-align flex-basis-100 align-self-lg-start align-self-md-start align-self-start\">\n                <!---->\n                <div data-colibri-id=\"1069-c14\" class=\"h-text h-text-component style-961 style-local-1069-c14 position-relative h-element\">\n                  <!---->\n                  <!---->\n                  <div class=\"\">\n                    <p>Sonntag, 21.November 2021 und Samstag 11. Dezember 2021<\/p>\n                    <p><strong>meditatives Bogenschie\u00dfen f\u00fcr Kinder und Jugendliche<\/strong><\/p>\n                    <p>10.45 \u2013 12.15 <\/p>\n                    <p>voraussichtlich im Hofgut Fleckenb\u00fchl, C\u00f6lbe-Sch\u00f6nstadt<\/p>\n                    <p>Kosten: 45.- Euro<\/p>\n                    <p>Anmeldung bis 14. November und 5. Dezember<\/p>\n                  <\/div>\n                <\/div>\n              <\/div>\n            <\/div>\n          <\/div>\n        <\/div>\n      <\/div>\n      <div data-colibri-id=\"1069-c15\" class=\"h-row-container gutters-row-lg-2 gutters-row-md-2 gutters-row-0 gutters-row-v-lg-2 gutters-row-v-md-2 gutters-row-v-2 style-962 style-local-1069-c15 position-relative\">\n        <!---->\n        <div class=\"h-row justify-content-lg-center justify-content-md-center justify-content-center align-items-lg-stretch align-items-md-stretch align-items-stretch gutters-col-lg-2 gutters-col-md-2 gutters-col-0 gutters-col-v-lg-2 gutters-col-v-md-2 gutters-col-v-2\">\n          <!---->\n          <div class=\"h-column h-column-container d-flex h-col-lg-auto h-col-md-auto h-col-auto style-964-outer style-local-1069-c16-outer\">\n            <div data-colibri-id=\"1069-c16\" class=\"d-flex h-flex-basis h-column__inner h-px-lg-2 h-px-md-2 h-px-2 v-inner-lg-2 v-inner-md-2 v-inner-2 style-964 style-local-1069-c16 position-relative\">\n              <!---->\n              <!---->\n              <div class=\"w-100 h-y-container h-column__content h-column__v-align flex-basis-100 align-self-lg-start align-self-md-start align-self-start\">\n                <!---->\n                <div data-colibri-id=\"1069-c17\" class=\"h-divider style-966 style-local-1069-c17 position-relative h-element\">\n                  <!----><span class=\"h-divider__line style-966-line style-local-1069-c17-line style-966-line style-local-1069-c17-line\"><\/span> <span class=\"h-svg-icon h-divider__icon style-966-icon style-local-1069-c17-icon\"><!--Icon by Font Awesome (https:\/\/fontawesome.com)-->\n    <svg version=\"1.1\" xmlns=\"http:\/\/www.w3.org\/2000\/svg\" xmlns:xlink=\"http:\/\/www.w3.org\/1999\/xlink\" id=\"star\" viewBox=\"0 0 1664 1896.0833\">\n      <path d=\"M1664 647q0 22-26 48l-363 354 86 500q1 7 1 20 0 21-10.5 35.5T1321 1619q-19 0-40-12l-449-236-449 236q-22 12-40 12-21 0-31.5-14.5T301 1569q0-6 2-20l86-500L25 695Q0 668 0 647q0-37 56-46l502-73L783 73q19-41 49-41t49 41l225 455 502 73q56 9 56 46z\"><\/path>\n    <\/svg><\/span> <span class=\"h-divider__line style-966-line style-local-1069-c17-line style-966-line style-local-1069-c17-line\"><\/span><\/div>\n              <\/div>\n            <\/div>\n          <\/div>\n        <\/div>\n      <\/div>\n      <div data-colibri-id=\"1069-c18\" class=\"h-row-container gutters-row-lg-2 gutters-row-md-2 gutters-row-0 gutters-row-v-lg-2 gutters-row-v-md-2 gutters-row-v-2 style-886 style-local-1069-c18 position-relative\">\n        <!---->\n        <div class=\"h-row justify-content-lg-center justify-content-md-center justify-content-center align-items-lg-stretch align-items-md-stretch align-items-stretch gutters-col-lg-2 gutters-col-md-2 gutters-col-0 gutters-col-v-lg-2 gutters-col-v-md-2 gutters-col-v-2\">\n          <!---->\n          <div class=\"h-column h-column-container d-flex h-col-lg-auto h-col-md-auto h-col-auto style-887-outer style-local-1069-c19-outer\">\n            <div data-colibri-id=\"1069-c19\" class=\"d-flex h-flex-basis h-column__inner h-px-lg-2 h-px-md-2 h-px-2 v-inner-lg-2 v-inner-md-2 v-inner-2 style-887 style-local-1069-c19 position-relative\">\n              <!---->\n              <!---->\n              <div class=\"w-100 h-y-container h-column__content h-column__v-align flex-basis-100 align-self-lg-start align-self-md-start align-self-start\">\n                <!---->\n                <div data-colibri-id=\"1069-c20\" class=\"h-x-container style-889 style-local-1069-c20 position-relative h-element\">\n                  <!---->\n                  <div class=\"h-x-container-inner style-dynamic-1069-c20-group style-889-spacing style-local-1069-c20-spacing\"><span class=\"h-link__outer style-890-outer style-local-1069-c21-outer d-inline-flex h-element\"><a h-use-smooth-scroll=\"true\" href=\"https:\/\/ganzheitlich-leben.org\/index.php\/impressum\"  data-colibri-id=\"1069-c21\" class=\"d-flex w-100 align-items-center h-link style-890 style-local-1069-c21 position-relative\"><!----><span  class=\"h-svg-icon h-link__icon style-890-icon style-local-1069-c21-icon\"><!--Icon by Font Awesome (https:\/\/fontawesome.com)-->\n    <svg version=\"1.1\" xmlns=\"http:\/\/www.w3.org\/2000\/svg\" xmlns:xlink=\"http:\/\/www.w3.org\/1999\/xlink\" id=\"star\" viewBox=\"0 0 1664 1896.0833\">\n      <path d=\"M1664 647q0 22-26 48l-363 354 86 500q1 7 1 20 0 21-10.5 35.5T1321 1619q-19 0-40-12l-449-236-449 236q-22 12-40 12-21 0-31.5-14.5T301 1569q0-6 2-20l86-500L25 695Q0 668 0 647q0-37 56-46l502-73L783 73q19-41 49-41t49 41l225 455 502 73q56 9 56 46z\"><\/path>\n    <\/svg><\/span> <span>Impressum<\/span><\/a>\n                    <\/span>\n                  <\/div>\n                <\/div>\n              <\/div>\n            <\/div>\n          <\/div>\n          <div class=\"h-column h-column-container d-flex h-col-lg-auto h-col-md-auto h-col-auto style-888-outer style-local-1069-c22-outer\">\n            <div data-colibri-id=\"1069-c22\" class=\"d-flex h-flex-basis h-column__inner h-px-lg-2 h-px-md-2 h-px-2 v-inner-lg-2 v-inner-md-2 v-inner-2 style-888 style-local-1069-c22 position-relative\">\n              <!---->\n              <!---->\n              <div class=\"w-100 h-y-container h-column__content h-column__v-align flex-basis-100 align-self-lg-start align-self-md-start align-self-start\">\n                <!---->\n                <div data-colibri-id=\"1069-c23\" class=\"h-x-container style-891 style-local-1069-c23 position-relative h-element\">\n                  <!---->\n                  <div class=\"h-x-container-inner style-dynamic-1069-c23-group style-891-spacing style-local-1069-c23-spacing\"><span class=\"h-link__outer style-892-outer style-local-1069-c24-outer d-inline-flex h-element\"><a h-use-smooth-scroll=\"true\" href=\"https:\/\/ganzheitlich-leben.org\/index.php\/datenschutzerklaerung\"  data-colibri-id=\"1069-c24\" class=\"d-flex w-100 align-items-center h-link style-892 style-local-1069-c24 position-relative\"><!----><span  class=\"h-svg-icon h-link__icon style-892-icon style-local-1069-c24-icon\"><!--Icon by Font Awesome (https:\/\/fontawesome.com)-->\n    <svg version=\"1.1\" xmlns=\"http:\/\/www.w3.org\/2000\/svg\" xmlns:xlink=\"http:\/\/www.w3.org\/1999\/xlink\" id=\"star\" viewBox=\"0 0 1664 1896.0833\">\n      <path d=\"M1664 647q0 22-26 48l-363 354 86 500q1 7 1 20 0 21-10.5 35.5T1321 1619q-19 0-40-12l-449-236-449 236q-22 12-40 12-21 0-31.5-14.5T301 1569q0-6 2-20l86-500L25 695Q0 668 0 647q0-37 56-46l502-73L783 73q19-41 49-41t49 41l225 455 502 73q56 9 56 46z\"><\/path>\n    <\/svg><\/span> <span>Datenschutzerkl\u00e4rung<\/span><\/a>\n                    <\/span>\n                  <\/div>\n                <\/div>\n              <\/div>\n            <\/div>\n          <\/div>\n        <\/div>\n      <\/div>\n    <\/div>\n  <\/div>\n<\/div>","protected":false},"excerpt":{"rendered":"<p>Seit September 2023: Bogenschie\u00dfen in der Grundschule Kirchhain und der Gesamtschule Ebsdorfergrund zur Gewaltpr\u00e4vention zur St\u00e4rkung des Selbstvertrauens zur Verbesserung der K\u00f6rperwahrnehmung und der Wahrnehmung der eigenen Gef\u00fchle Bei Interesse: ganzheitlichleben@outlook.de Sonntag, 21.November 2021 und Samstag 11. Dezember 2021 meditatives Bogenschie\u00dfen f\u00fcr Kinder und Jugendliche 10.45 \u2013 12.15 voraussichtlich im Hofgut Fleckenb\u00fchl, C\u00f6lbe-Sch\u00f6nstadt Kosten: 45.- [&hellip;]<\/p>\n","protected":false},"author":4,"featured_media":0,"parent":0,"menu_order":0,"comment_status":"closed","ping_status":"closed","template":"page-templates\/full-width-page.php","meta":{"footnotes":""},"yoast_head":"<!-- This site is optimized with the Yoast SEO plugin v24.5 - https:\/\/yoast.com\/wordpress\/plugins\/seo\/ -->\n<title>Termine_Kinder - Ganzheitlich leben<\/title>\n<meta name=\"robots\" content=\"index, follow, max-snippet:-1, max-image-preview:large, max-video-preview:-1\" \/>\n<link rel=\"canonical\" href=\"https:\/\/ganzheitlich-leben.org\/index.php\/termine_kinder\/\" \/>\n<meta property=\"og:locale\" content=\"de_DE\" \/>\n<meta property=\"og:type\" content=\"article\" \/>\n<meta property=\"og:title\" content=\"Termine_Kinder - Ganzheitlich leben\" \/>\n<meta property=\"og:description\" content=\"Seit September 2023: Bogenschie\u00dfen in der Grundschule Kirchhain und der Gesamtschule Ebsdorfergrund zur Gewaltpr\u00e4vention zur St\u00e4rkung des Selbstvertrauens zur Verbesserung der K\u00f6rperwahrnehmung und der Wahrnehmung der eigenen Gef\u00fchle Bei Interesse: ganzheitlichleben@outlook.de Sonntag, 21.November 2021 und Samstag 11. Dezember 2021 meditatives Bogenschie\u00dfen f\u00fcr Kinder und Jugendliche 10.45 \u2013 12.15 voraussichtlich im Hofgut Fleckenb\u00fchl, C\u00f6lbe-Sch\u00f6nstadt Kosten: 45.- [&hellip;]\" \/>\n<meta property=\"og:url\" content=\"https:\/\/ganzheitlich-leben.org\/index.php\/termine_kinder\/\" \/>\n<meta property=\"og:site_name\" content=\"Ganzheitlich leben\" \/>\n<meta property=\"article:modified_time\" content=\"2023-10-16T08:52:49+00:00\" \/>\n<meta name=\"twitter:card\" content=\"summary_large_image\" \/>\n<script type=\"application\/ld+json\" class=\"yoast-schema-graph\">{\"@context\":\"https:\/\/schema.org\",\"@graph\":[{\"@type\":\"WebPage\",\"@id\":\"https:\/\/ganzheitlich-leben.org\/index.php\/termine_kinder\/\",\"url\":\"https:\/\/ganzheitlich-leben.org\/index.php\/termine_kinder\/\",\"name\":\"Termine_Kinder - Ganzheitlich leben\",\"isPartOf\":{\"@id\":\"https:\/\/ganzheitlich-leben.org\/#website\"},\"datePublished\":\"2021-10-15T14:57:48+00:00\",\"dateModified\":\"2023-10-16T08:52:49+00:00\",\"breadcrumb\":{\"@id\":\"https:\/\/ganzheitlich-leben.org\/index.php\/termine_kinder\/#breadcrumb\"},\"inLanguage\":\"de\",\"potentialAction\":[{\"@type\":\"ReadAction\",\"target\":[\"https:\/\/ganzheitlich-leben.org\/index.php\/termine_kinder\/\"]}]},{\"@type\":\"BreadcrumbList\",\"@id\":\"https:\/\/ganzheitlich-leben.org\/index.php\/termine_kinder\/#breadcrumb\",\"itemListElement\":[{\"@type\":\"ListItem\",\"position\":1,\"name\":\"Home\",\"item\":\"https:\/\/ganzheitlich-leben.org\/\"},{\"@type\":\"ListItem\",\"position\":2,\"name\":\"Termine_Kinder\"}]},{\"@type\":\"WebSite\",\"@id\":\"https:\/\/ganzheitlich-leben.org\/#website\",\"url\":\"https:\/\/ganzheitlich-leben.org\/\",\"name\":\"Ganzheitlich leben\",\"description\":\"\",\"publisher\":{\"@id\":\"https:\/\/ganzheitlich-leben.org\/#\/schema\/person\/62db17d0b8752443542018569a4cc358\"},\"potentialAction\":[{\"@type\":\"SearchAction\",\"target\":{\"@type\":\"EntryPoint\",\"urlTemplate\":\"https:\/\/ganzheitlich-leben.org\/?s={search_term_string}\"},\"query-input\":{\"@type\":\"PropertyValueSpecification\",\"valueRequired\":true,\"valueName\":\"search_term_string\"}}],\"inLanguage\":\"de\"},{\"@type\":[\"Person\",\"Organization\"],\"@id\":\"https:\/\/ganzheitlich-leben.org\/#\/schema\/person\/62db17d0b8752443542018569a4cc358\",\"name\":\"Claudia Wittmann\",\"image\":{\"@type\":\"ImageObject\",\"inLanguage\":\"de\",\"@id\":\"https:\/\/ganzheitlich-leben.org\/#\/schema\/person\/image\/\",\"url\":\"https:\/\/ganzheitlich-leben.org\/wp-content\/uploads\/2021\/09\/cropped-cropped-cropped-Logo-scaled-1.jpg\",\"contentUrl\":\"https:\/\/ganzheitlich-leben.org\/wp-content\/uploads\/2021\/09\/cropped-cropped-cropped-Logo-scaled-1.jpg\",\"width\":512,\"height\":512,\"caption\":\"Claudia Wittmann\"},\"logo\":{\"@id\":\"https:\/\/ganzheitlich-leben.org\/#\/schema\/person\/image\/\"},\"sameAs\":[\"https:\/\/ganzheitlich-leben.org\"]}]}<\/script>\n<!-- \/ Yoast SEO plugin. -->","yoast_head_json":{"title":"Termine_Kinder - Ganzheitlich leben","robots":{"index":"index","follow":"follow","max-snippet":"max-snippet:-1","max-image-preview":"max-image-preview:large","max-video-preview":"max-video-preview:-1"},"canonical":"https:\/\/ganzheitlich-leben.org\/index.php\/termine_kinder\/","og_locale":"de_DE","og_type":"article","og_title":"Termine_Kinder - Ganzheitlich leben","og_description":"Seit September 2023: Bogenschie\u00dfen in der Grundschule Kirchhain und der Gesamtschule Ebsdorfergrund zur Gewaltpr\u00e4vention zur St\u00e4rkung des Selbstvertrauens zur Verbesserung der K\u00f6rperwahrnehmung und der Wahrnehmung der eigenen Gef\u00fchle Bei Interesse: ganzheitlichleben@outlook.de Sonntag, 21.November 2021 und Samstag 11. Dezember 2021 meditatives Bogenschie\u00dfen f\u00fcr Kinder und Jugendliche 10.45 \u2013 12.15 voraussichtlich im Hofgut Fleckenb\u00fchl, C\u00f6lbe-Sch\u00f6nstadt Kosten: 45.- [&hellip;]","og_url":"https:\/\/ganzheitlich-leben.org\/index.php\/termine_kinder\/","og_site_name":"Ganzheitlich leben","article_modified_time":"2023-10-16T08:52:49+00:00","twitter_card":"summary_large_image","schema":{"@context":"https:\/\/schema.org","@graph":[{"@type":"WebPage","@id":"https:\/\/ganzheitlich-leben.org\/index.php\/termine_kinder\/","url":"https:\/\/ganzheitlich-leben.org\/index.php\/termine_kinder\/","name":"Termine_Kinder - Ganzheitlich leben","isPartOf":{"@id":"https:\/\/ganzheitlich-leben.org\/#website"},"datePublished":"2021-10-15T14:57:48+00:00","dateModified":"2023-10-16T08:52:49+00:00","breadcrumb":{"@id":"https:\/\/ganzheitlich-leben.org\/index.php\/termine_kinder\/#breadcrumb"},"inLanguage":"de","potentialAction":[{"@type":"ReadAction","target":["https:\/\/ganzheitlich-leben.org\/index.php\/termine_kinder\/"]}]},{"@type":"BreadcrumbList","@id":"https:\/\/ganzheitlich-leben.org\/index.php\/termine_kinder\/#breadcrumb","itemListElement":[{"@type":"ListItem","position":1,"name":"Home","item":"https:\/\/ganzheitlich-leben.org\/"},{"@type":"ListItem","position":2,"name":"Termine_Kinder"}]},{"@type":"WebSite","@id":"https:\/\/ganzheitlich-leben.org\/#website","url":"https:\/\/ganzheitlich-leben.org\/","name":"Ganzheitlich leben","description":"","publisher":{"@id":"https:\/\/ganzheitlich-leben.org\/#\/schema\/person\/62db17d0b8752443542018569a4cc358"},"potentialAction":[{"@type":"SearchAction","target":{"@type":"EntryPoint","urlTemplate":"https:\/\/ganzheitlich-leben.org\/?s={search_term_string}"},"query-input":{"@type":"PropertyValueSpecification","valueRequired":true,"valueName":"search_term_string"}}],"inLanguage":"de"},{"@type":["Person","Organization"],"@id":"https:\/\/ganzheitlich-leben.org\/#\/schema\/person\/62db17d0b8752443542018569a4cc358","name":"Claudia Wittmann","image":{"@type":"ImageObject","inLanguage":"de","@id":"https:\/\/ganzheitlich-leben.org\/#\/schema\/person\/image\/","url":"https:\/\/ganzheitlich-leben.org\/wp-content\/uploads\/2021\/09\/cropped-cropped-cropped-Logo-scaled-1.jpg","contentUrl":"https:\/\/ganzheitlich-leben.org\/wp-content\/uploads\/2021\/09\/cropped-cropped-cropped-Logo-scaled-1.jpg","width":512,"height":512,"caption":"Claudia Wittmann"},"logo":{"@id":"https:\/\/ganzheitlich-leben.org\/#\/schema\/person\/image\/"},"sameAs":["https:\/\/ganzheitlich-leben.org"]}]}},"_links":{"self":[{"href":"https:\/\/ganzheitlich-leben.org\/index.php\/wp-json\/wp\/v2\/pages\/1069"}],"collection":[{"href":"https:\/\/ganzheitlich-leben.org\/index.php\/wp-json\/wp\/v2\/pages"}],"about":[{"href":"https:\/\/ganzheitlich-leben.org\/index.php\/wp-json\/wp\/v2\/types\/page"}],"author":[{"embeddable":true,"href":"https:\/\/ganzheitlich-leben.org\/index.php\/wp-json\/wp\/v2\/users\/4"}],"replies":[{"embeddable":true,"href":"https:\/\/ganzheitlich-leben.org\/index.php\/wp-json\/wp\/v2\/comments?post=1069"}],"version-history":[{"count":20,"href":"https:\/\/ganzheitlich-leben.org\/index.php\/wp-json\/wp\/v2\/pages\/1069\/revisions"}],"predecessor-version":[{"id":1709,"href":"https:\/\/ganzheitlich-leben.org\/index.php\/wp-json\/wp\/v2\/pages\/1069\/revisions\/1709"}],"wp:attachment":[{"href":"https:\/\/ganzheitlich-leben.org\/index.php\/wp-json\/wp\/v2\/media?parent=1069"}],"curies":[{"name":"wp","href":"https:\/\/api.w.org\/{rel}","templated":true}]}}